{"id":352,"date":"2021-02-15T17:05:42","date_gmt":"2021-02-15T17:05:42","guid":{"rendered":"https:\/\/orion-club.ch\/?page_id=352"},"modified":"2021-03-04T16:30:46","modified_gmt":"2021-03-04T16:30:46","slug":"vereinszweck","status":"publish","type":"page","link":"https:\/\/orion-club.ch\/?page_id=352","title":{"rendered":"Vereinszweck"},"content":{"rendered":"\t\t<div data-elementor-type=\"wp-page\" data-elementor-id=\"352\" class=\"elementor elementor-352\">\n\t\t\t\t\t\t<section class=\"elementor-section elementor-top-section elementor-element elementor-element-446e7ba elementor-section-boxed elementor-section-height-default elementor-section-height-default\" data-id=\"446e7ba\" data-element_type=\"section\" data-e-type=\"section\">\n\t\t\t\t\t\t<div class=\"elementor-container elementor-column-gap-default\">\n\t\t\t\t\t<div class=\"elementor-column elementor-col-100 elementor-top-column elementor-element elementor-element-a638d98\" data-id=\"a638d98\" data-element_type=\"column\" data-e-type=\"column\">\n\t\t\t<div class=\"elementor-widget-wrap elementor-element-populated\">\n\t\t\t\t\t\t<div class=\"elementor-element elementor-element-2227038 elementor-widget elementor-widget-text-editor\" data-id=\"2227038\" data-element_type=\"widget\" data-e-type=\"widget\" data-widget_type=\"text-editor.default\">\n\t\t\t\t<div class=\"elementor-widget-container\">\n\t\t\t\t\t\t\t\t\t<p>Orion-Club Zugerland<br \/>Erhaltung alter Fahrzeuge des Verkehrswesens<\/p><p>Unter dem Namen Orion-Club Zugerland besteht seit 1994 ein Verein mit dem Zweck, alte Fahrzeuge sowie weitere Erinnerungsgegenst\u00e4nde des zugerischen Verkehrswesens zu restaurieren, zu pflegen und zu unterhalten.<br \/>Anlass zur Vereinsgr\u00fcndung gab der Umstand, dass der letzte, praktisch im Originalzustand verbliebene ehemalige ESZ-Personenwagen (Elektrische Strassenbahn des Kantons Zug) auf einem Abstellgleis in Langenthal vor sich hin rostete. Dank der Mithilfe des Kantons konnte das als zugerisches Kulturgut eingestufte Objekt nach Zug \u00fcberbracht werden. Der Motorwagen CFe 4\/4 Nr. 3 wurde dann in 4 Jahren und \u00fcber 10`000 Stunden Fronarbeit restauriert.<br \/>Das n\u00e4chste Objekt war der Orion Omnibus, von dem das Chassis im Verkehrshaus Luzern ein unbeachtetes Dasein hatte, der wieder restauriert und m\u00f6glichst originalgetreu neu aufgebaut wurde. Der Orion ist heute das Prunkst\u00fcck der Sammlung des Orion-Club Zugerland.<br \/>Es kamen noch weitere Fahrzeuge dazu, die alle bei der Zugerland Verkehrsbetriebe AG im Einsatz standen.<br \/>Speziell zu erw\u00e4hnen ist auch noch ein 3-Wagenzug mit Zugfahrzeug Saurer 5 DUK-Personenanh\u00e4nger- und Postanh\u00e4nger.<br \/>Viele weitere gr\u00f6ssere und kleinere Gegenst\u00e4nde aus dem Umfeld des zugerischen Verkehrswesen werden in einer umfangreichen Ausstellung im ZDT gezeigt.<\/p>\t\t\t\t\t\t\t\t<\/div>\n\t\t\t\t<\/div>\n\t\t\t\t\t<\/div>\n\t\t<\/div>\n\t\t\t\t\t<\/div>\n\t\t<\/section>\n\t\t\t\t<\/div>\n\t\t","protected":false},"excerpt":{"rendered":"<p>Orion-Club ZugerlandErhaltung alter Fahrzeuge des Verkehrswesens Unter dem Namen Orion-Club Zugerland besteht seit 1994 ein Verein mit dem Zweck, alte Fahrzeuge sowie weitere Erinnerungsgegenst\u00e4nde des zugerischen Verkehrswesens zu restaurieren, zu pflegen und zu unterhalten.Anlass zur Vereinsgr\u00fcndung gab der Umstand, dass der letzte, praktisch im Originalzustand verbliebene ehemalige ESZ-Personenwagen (Elektrische Strassenbahn des Kantons Zug) auf einem [&hellip;]<\/p>\n","protected":false},"author":1,"featured_media":0,"parent":0,"menu_order":0,"comment_status":"closed","ping_status":"closed","template":"","meta":{"footnotes":""},"class_list":["post-352","page","type-page","status-publish","hentry","entry"],"_links":{"self":[{"href":"https:\/\/orion-club.ch\/index.php?rest_route=\/wp\/v2\/pages\/352","targetHints":{"allow":["GET"]}}],"collection":[{"href":"https:\/\/orion-club.ch\/index.php?rest_route=\/wp\/v2\/pages"}],"about":[{"href":"https:\/\/orion-club.ch\/index.php?rest_route=\/wp\/v2\/types\/page"}],"author":[{"embeddable":true,"href":"https:\/\/orion-club.ch\/index.php?rest_route=\/wp\/v2\/users\/1"}],"replies":[{"embeddable":true,"href":"https:\/\/orion-club.ch\/index.php?rest_route=%2Fwp%2Fv2%2Fcomments&post=352"}],"version-history":[{"count":22,"href":"https:\/\/orion-club.ch\/index.php?rest_route=\/wp\/v2\/pages\/352\/revisions"}],"predecessor-version":[{"id":553,"href":"https:\/\/orion-club.ch\/index.php?rest_route=\/wp\/v2\/pages\/352\/revisions\/553"}],"wp:attachment":[{"href":"https:\/\/orion-club.ch\/index.php?rest_route=%2Fwp%2Fv2%2Fmedia&parent=352"}],"curies":[{"name":"wp","href":"https:\/\/api.w.org\/{rel}","templated":true}]}}