{"id":162,"date":"2020-10-05T08:55:22","date_gmt":"2020-10-05T08:55:22","guid":{"rendered":"https:\/\/orion-club.ch\/?page_id=162"},"modified":"2021-02-17T17:27:22","modified_gmt":"2021-02-17T17:27:22","slug":"saurer-6h","status":"publish","type":"page","link":"https:\/\/orion-club.ch\/?page_id=162","title":{"rendered":"Saurer 6H"},"content":{"rendered":"\t\t<div data-elementor-type=\"wp-page\" data-elementor-id=\"162\" class=\"elementor elementor-162\">\n\t\t\t\t\t\t<section class=\"elementor-section elementor-top-section elementor-element elementor-element-22b79a89 elementor-section-boxed elementor-section-height-default elementor-section-height-default\" data-id=\"22b79a89\" data-element_type=\"section\" data-e-type=\"section\" data-settings=\"{&quot;background_background&quot;:&quot;classic&quot;}\">\n\t\t\t\t\t\t<div class=\"elementor-container elementor-column-gap-default\">\n\t\t\t\t\t<div class=\"elementor-column elementor-col-100 elementor-top-column elementor-element elementor-element-192c54d8\" data-id=\"192c54d8\" data-element_type=\"column\" data-e-type=\"column\">\n\t\t\t<div class=\"elementor-widget-wrap elementor-element-populated\">\n\t\t\t\t\t\t<div class=\"elementor-element elementor-element-747d5981 elementor-widget elementor-widget-spacer\" data-id=\"747d5981\" data-element_type=\"widget\" data-e-type=\"widget\" data-widget_type=\"spacer.default\">\n\t\t\t\t<div class=\"elementor-widget-container\">\n\t\t\t\t\t\t\t<div class=\"elementor-spacer\">\n\t\t\t<div class=\"elementor-spacer-inner\"><\/div>\n\t\t<\/div>\n\t\t\t\t\t\t<\/div>\n\t\t\t\t<\/div>\n\t\t\t\t\t<\/div>\n\t\t<\/div>\n\t\t\t\t\t<\/div>\n\t\t<\/section>\n\t\t\t\t<section class=\"elementor-section elementor-top-section elementor-element elementor-element-2825c78 elementor-section-boxed elementor-section-height-default elementor-section-height-default\" data-id=\"2825c78\" data-element_type=\"section\" data-e-type=\"section\">\n\t\t\t\t\t\t<div class=\"elementor-container elementor-column-gap-default\">\n\t\t\t\t\t<div class=\"elementor-column elementor-col-100 elementor-top-column elementor-element elementor-element-65d45a9\" data-id=\"65d45a9\" data-element_type=\"column\" data-e-type=\"column\">\n\t\t\t<div class=\"elementor-widget-wrap elementor-element-populated\">\n\t\t\t\t\t\t<div class=\"elementor-element elementor-element-cf47770 elementor-widget elementor-widget-image\" data-id=\"cf47770\" data-element_type=\"widget\" data-e-type=\"widget\" data-widget_type=\"image.default\">\n\t\t\t\t<div class=\"elementor-widget-container\">\n\t\t\t\t\t\t\t\t\t\t\t\t\t\t\t<img fetchpriority=\"high\" decoding=\"async\" width=\"768\" height=\"493\" src=\"https:\/\/orion-club.ch\/wp-content\/uploads\/2021\/02\/Saurer-6H-3-768x493.jpg\" class=\"attachment-medium_large size-medium_large wp-image-401\" alt=\"\" srcset=\"https:\/\/orion-club.ch\/wp-content\/uploads\/2021\/02\/Saurer-6H-3-768x493.jpg 768w, https:\/\/orion-club.ch\/wp-content\/uploads\/2021\/02\/Saurer-6H-3-300x193.jpg 300w, https:\/\/orion-club.ch\/wp-content\/uploads\/2021\/02\/Saurer-6H-3-1024x658.jpg 1024w, https:\/\/orion-club.ch\/wp-content\/uploads\/2021\/02\/Saurer-6H-3-1536x987.jpg 1536w, https:\/\/orion-club.ch\/wp-content\/uploads\/2021\/02\/Saurer-6H-3.jpg 1764w\" sizes=\"(max-width: 768px) 100vw, 768px\" \/>\t\t\t\t\t\t\t\t\t\t\t\t\t\t\t<\/div>\n\t\t\t\t<\/div>\n\t\t\t\t\t<\/div>\n\t\t<\/div>\n\t\t\t\t\t<\/div>\n\t\t<\/section>\n\t\t\t\t<section class=\"elementor-section elementor-top-section elementor-element elementor-element-8327a4d elementor-section-boxed elementor-section-height-default elementor-section-height-default\" data-id=\"8327a4d\" data-element_type=\"section\" data-e-type=\"section\">\n\t\t\t\t\t\t<div class=\"elementor-container elementor-column-gap-default\">\n\t\t\t\t\t<div class=\"elementor-column elementor-col-100 elementor-top-column elementor-element elementor-element-c358315\" data-id=\"c358315\" data-element_type=\"column\" data-e-type=\"column\">\n\t\t\t<div class=\"elementor-widget-wrap elementor-element-populated\">\n\t\t\t\t\t\t<div class=\"elementor-element elementor-element-6cc2165 elementor-widget elementor-widget-text-editor\" data-id=\"6cc2165\" data-element_type=\"widget\" data-e-type=\"widget\" data-widget_type=\"text-editor.default\">\n\t\t\t\t<div class=\"elementor-widget-container\">\n\t\t\t\t\t\t\t\t\t<p style=\"text-align: center;\">Saurer 6H<\/p>\t\t\t\t\t\t\t\t<\/div>\n\t\t\t\t<\/div>\n\t\t\t\t\t<\/div>\n\t\t<\/div>\n\t\t\t\t\t<\/div>\n\t\t<\/section>\n\t\t\t\t<section class=\"elementor-section elementor-top-section elementor-element elementor-element-ce346de elementor-section-boxed elementor-section-height-default elementor-section-height-default\" data-id=\"ce346de\" data-element_type=\"section\" data-e-type=\"section\">\n\t\t\t\t\t\t<div class=\"elementor-container elementor-column-gap-default\">\n\t\t\t\t\t<div class=\"elementor-column elementor-col-100 elementor-top-column elementor-element elementor-element-8fef037\" data-id=\"8fef037\" data-element_type=\"column\" data-e-type=\"column\">\n\t\t\t<div class=\"elementor-widget-wrap elementor-element-populated\">\n\t\t\t\t\t\t<div class=\"elementor-element elementor-element-7f2e867 elementor-widget-divider--view-line elementor-widget elementor-widget-divider\" data-id=\"7f2e867\" data-element_type=\"widget\" data-e-type=\"widget\" data-widget_type=\"divider.default\">\n\t\t\t\t<div class=\"elementor-widget-container\">\n\t\t\t\t\t\t\t<div class=\"elementor-divider\">\n\t\t\t<span class=\"elementor-divider-separator\">\n\t\t\t\t\t\t<\/span>\n\t\t<\/div>\n\t\t\t\t\t\t<\/div>\n\t\t\t\t<\/div>\n\t\t\t\t\t<\/div>\n\t\t<\/div>\n\t\t\t\t\t<\/div>\n\t\t<\/section>\n\t\t\t\t<section class=\"elementor-section elementor-top-section elementor-element elementor-element-b4ef490 elementor-section-boxed elementor-section-height-default elementor-section-height-default\" data-id=\"b4ef490\" data-element_type=\"section\" data-e-type=\"section\">\n\t\t\t\t\t\t<div class=\"elementor-container elementor-column-gap-default\">\n\t\t\t\t\t<div class=\"elementor-column elementor-col-100 elementor-top-column elementor-element elementor-element-e6d6315\" data-id=\"e6d6315\" data-element_type=\"column\" data-e-type=\"column\">\n\t\t\t<div class=\"elementor-widget-wrap elementor-element-populated\">\n\t\t\t\t\t\t<div class=\"elementor-element elementor-element-4c1b143 elementor-widget elementor-widget-text-editor\" data-id=\"4c1b143\" data-element_type=\"widget\" data-e-type=\"widget\" data-widget_type=\"text-editor.default\">\n\t\t\t\t<div class=\"elementor-widget-container\">\n\t\t\t\t\t\t\t\t\t<p>Erster Autobus nach der Einstellung des Trambetriebes<br \/>Von diesen Fahrzeugen existiert leider keines mehr.<br \/>Ein Motor und ein Getriebe sind noch im ZDT ausgestellt<\/p><p>Dieses Fahrzeug wurde im Anh\u00e4ngerbetrieb eingesetzt. Mit einem Personen Anh\u00e4nger und einem Postanh\u00e4nger.\u00a03-Wagen-Zug<\/p><p>Autobusse 6 H mit V8 Motor Typ CH2DLm 205 PS<\/p><p>Diese in der damaligen Zeit st\u00e4rkste Maschine f\u00fcr den Betrieb von Strassenfahrzeugen verf\u00fcgte \u00fcber<br \/>8 Zylinder, einen Hubraum von 11630 ccm und eine Leistung von 205 PS bei 1900 U\/min<br \/>Der Motor wurde mittels mechanischem Schraubenrad-Gebl\u00e4se aufgeladen.<br \/>Der Motor wurde speziell f\u00fcr die ZVB gebaut.<br \/>Motor wurde von Alu- Geh\u00e4use auf Gussgeh\u00e4use umgebaut, gleichzeitig wurden alle Stirnr\u00e4der und die Steuerkette verst\u00e4rkt. ( 4-gliederige Kette ) Dadurch musste ein Zwischensteg Kurbelgeh\u00e4use \/ Stirndeckel montiert werden. Die Kurbelwelle wurde zus\u00e4tzlich mit einem Rollenlager abgest\u00fctzt, um die Schwingungen zu d\u00e4mmen.<\/p><p>Getriebe 6 H An Wagen 3 war ein elektro- pneumatisches Vorw\u00e4hl- Getriebe eingebaut dieses Getriebe wurde von Saurer entwickelt. Alle andern waren mit 8 Gang Getrieben durch Handschaltung ausger\u00fcstet<\/p><p>Aufbau: Der gesamte Aufbau wurde von der Firma Saurer entwickelt und nach diesen Pl\u00e4nen von den Karosserie- betrieben gebaut.<br \/>Es gab einen Typ Zugerland 1 = 6 H<br \/>und Zugerland 2 = 5 DUK.<br \/>Das Besondere am Typ 1 waren die Einstiegt\u00fcren links und rechts. Der Grund war das Umsteigen auf der Strecke z. B. Haltestelle Nidfuren, da gab es Perron wie in einem Bahnhof, es war die Auswirkung der Strassen &#8211; bahn.<\/p><p>Bei beiden Typen gab es ein Raucher und ein Nichtraucherabteil.<\/p><p>Der Chassis-Hinterteil wurde durch einen zus\u00e4tzlichen Rahmen verst\u00e4rkt, wegen Anh\u00e4ngerbetrieb<br \/>und Transport von Milch- und Rahmkannen im Heck (bis 15 Kannen)<\/p>\t\t\t\t\t\t\t\t<\/div>\n\t\t\t\t<\/div>\n\t\t\t\t\t<\/div>\n\t\t<\/div>\n\t\t\t\t\t<\/div>\n\t\t<\/section>\n\t\t\t\t<section class=\"elementor-section elementor-top-section elementor-element elementor-element-b9b6b22 elementor-section-boxed elementor-section-height-default elementor-section-height-default\" data-id=\"b9b6b22\" data-element_type=\"section\" data-e-type=\"section\">\n\t\t\t\t\t\t<div class=\"elementor-container elementor-column-gap-default\">\n\t\t\t\t\t<div class=\"elementor-column elementor-col-100 elementor-top-column elementor-element elementor-element-5f05355\" data-id=\"5f05355\" data-element_type=\"column\" data-e-type=\"column\">\n\t\t\t<div class=\"elementor-widget-wrap elementor-element-populated\">\n\t\t\t\t\t\t<div class=\"elementor-element elementor-element-d927767 elementor-widget-divider--view-line elementor-widget elementor-widget-divider\" data-id=\"d927767\" data-element_type=\"widget\" data-e-type=\"widget\" data-widget_type=\"divider.default\">\n\t\t\t\t<div class=\"elementor-widget-container\">\n\t\t\t\t\t\t\t<div class=\"elementor-divider\">\n\t\t\t<span class=\"elementor-divider-separator\">\n\t\t\t\t\t\t<\/span>\n\t\t<\/div>\n\t\t\t\t\t\t<\/div>\n\t\t\t\t<\/div>\n\t\t\t\t\t<\/div>\n\t\t<\/div>\n\t\t\t\t\t<\/div>\n\t\t<\/section>\n\t\t\t\t<\/div>\n\t\t","protected":false},"excerpt":{"rendered":"<p>Saurer 6H Erster Autobus nach der Einstellung des TrambetriebesVon diesen Fahrzeugen existiert leider keines mehr.Ein Motor und ein Getriebe sind noch im ZDT ausgestellt Dieses Fahrzeug wurde im Anh\u00e4ngerbetrieb eingesetzt. Mit einem Personen Anh\u00e4nger und einem Postanh\u00e4nger.\u00a03-Wagen-Zug Autobusse 6 H mit V8 Motor Typ CH2DLm 205 PS Diese in der damaligen Zeit st\u00e4rkste Maschine f\u00fcr [&hellip;]<\/p>\n","protected":false},"author":1,"featured_media":0,"parent":0,"menu_order":0,"comment_status":"closed","ping_status":"closed","template":"elementor_header_footer","meta":{"footnotes":""},"class_list":["post-162","page","type-page","status-publish","hentry","entry"],"_links":{"self":[{"href":"https:\/\/orion-club.ch\/index.php?rest_route=\/wp\/v2\/pages\/162","targetHints":{"allow":["GET"]}}],"collection":[{"href":"https:\/\/orion-club.ch\/index.php?rest_route=\/wp\/v2\/pages"}],"about":[{"href":"https:\/\/orion-club.ch\/index.php?rest_route=\/wp\/v2\/types\/page"}],"author":[{"embeddable":true,"href":"https:\/\/orion-club.ch\/index.php?rest_route=\/wp\/v2\/users\/1"}],"replies":[{"embeddable":true,"href":"https:\/\/orion-club.ch\/index.php?rest_route=%2Fwp%2Fv2%2Fcomments&post=162"}],"version-history":[{"count":15,"href":"https:\/\/orion-club.ch\/index.php?rest_route=\/wp\/v2\/pages\/162\/revisions"}],"predecessor-version":[{"id":417,"href":"https:\/\/orion-club.ch\/index.php?rest_route=\/wp\/v2\/pages\/162\/revisions\/417"}],"wp:attachment":[{"href":"https:\/\/orion-club.ch\/index.php?rest_route=%2Fwp%2Fv2%2Fmedia&parent=162"}],"curies":[{"name":"wp","href":"https:\/\/api.w.org\/{rel}","templated":true}]}}